{"id":1696,"date":"2023-08-01T11:22:32","date_gmt":"2023-08-01T09:22:32","guid":{"rendered":"https:\/\/monography.it\/product\/magic-dressing\/"},"modified":"2024-04-03T10:47:58","modified_gmt":"2024-04-03T08:47:58","slug":"magic-dressing","status":"publish","type":"product","link":"https:\/\/monography.it\/it\/product\/magic-dressing\/","title":{"rendered":"MAGIC dressing"},"content":{"rendered":"<p>Minimalisti, con proporzioni eleganti, i modelli Magic sono espressione di un preciso approccio progettuale, attento al prodotto e alla sua realizzazione con materiali accuratamente lavorati. La struttura \u00e8 caratterizzata da sottili fianchi in metallo verniciato in varie finiture. Magic dressing studiato con cura e attenzione al dettaglio \u00e8 dotato di coiffeuse con anta a ribalta, specchio e 2 ammortizzatori di sicurezza in chiusura.  Gli interni rivestiti in eco-nabuk dispongono di divisori in vetro fum\u00e8. Uno spazio funzionale che permette di organizzare tutto ci\u00f2 di cui si ha bisogno per esprimere la propria personalit\u00e0 e i propri tratti unici.<\/p>\n","protected":false},"excerpt":{"rendered":"<p>Minimalisti, con proporzioni eleganti, i modelli Magic sono espressione di un preciso approccio progettuale, attento al prodotto e alla sua realizzazione con materiali accuratamente lavorati. La struttura \u00e8 caratterizzata da sottili fianchi in metallo verniciato in varie finiture. Magic dressing studiato con cura e attenzione al dettaglio \u00e8 dotato di coiffeuse con anta a ribalta, [&hellip;]<\/p>\n","protected":false},"featured_media":2560,"comment_status":"open","ping_status":"closed","template":"","meta":[],"product_collection":[90],"product_cat":[92],"product_tag":[],"class_list":["post-1696","product","type-product","status-publish","has-post-thumbnail","hentry","product_collection-collection-01-it","product_cat-complementi-zona-notte"],"acf":[],"yoast_head":"<!-- This site is optimized with the Yoast SEO plugin v20.12 - https:\/\/yoast.com\/wordpress\/plugins\/seo\/ -->\n<title>MAGIC dressing - Monography<\/title>\n<meta name=\"robots\" content=\"index, follow, max-snippet:-1, max-image-preview:large, max-video-preview:-1\" \/>\n<link rel=\"canonical\" href=\"https:\/\/monography.it\/it\/product\/magic-dressing\/\" \/>\n<meta property=\"og:locale\" content=\"it_IT\" \/>\n<meta property=\"og:type\" content=\"article\" \/>\n<meta property=\"og:title\" content=\"MAGIC dressing - Monography\" \/>\n<meta property=\"og:description\" content=\"Minimalisti, con proporzioni eleganti, i modelli Magic sono espressione di un preciso approccio progettuale, attento al prodotto e alla sua realizzazione con materiali accuratamente lavorati. La struttura \u00e8 caratterizzata da sottili fianchi in metallo verniciato in varie finiture. Magic dressing studiato con cura e attenzione al dettaglio \u00e8 dotato di coiffeuse con anta a ribalta, [&hellip;]\" \/>\n<meta property=\"og:url\" content=\"https:\/\/monography.it\/it\/product\/magic-dressing\/\" \/>\n<meta property=\"og:site_name\" content=\"Monography\" \/>\n<meta property=\"article:modified_time\" content=\"2024-04-03T08:47:58+00:00\" \/>\n<meta property=\"og:image\" content=\"https:\/\/monography.it\/wp-content\/uploads\/2023\/08\/MAGIC-DRESSING_bedroom-complements-1.png\" \/>\n\t<meta property=\"og:image:width\" content=\"1618\" \/>\n\t<meta property=\"og:image:height\" content=\"886\" \/>\n\t<meta property=\"og:image:type\" content=\"image\/png\" \/>\n<meta name=\"twitter:card\" content=\"summary_large_image\" \/>\n<meta name=\"twitter:label1\" content=\"Tempo di lettura stimato\" \/>\n\t<meta name=\"twitter:data1\" content=\"1 minuto\" \/>\n<script type=\"application\/ld+json\" class=\"yoast-schema-graph\">{\"@context\":\"https:\/\/schema.org\",\"@graph\":[{\"@type\":\"WebPage\",\"@id\":\"https:\/\/monography.it\/it\/product\/magic-dressing\/\",\"url\":\"https:\/\/monography.it\/it\/product\/magic-dressing\/\",\"name\":\"MAGIC dressing - Monography\",\"isPartOf\":{\"@id\":\"https:\/\/monography.it\/#website\"},\"datePublished\":\"2023-08-01T09:22:32+00:00\",\"dateModified\":\"2024-04-03T08:47:58+00:00\",\"breadcrumb\":{\"@id\":\"https:\/\/monography.it\/it\/product\/magic-dressing\/#breadcrumb\"},\"inLanguage\":\"it-IT\",\"potentialAction\":[{\"@type\":\"ReadAction\",\"target\":[\"https:\/\/monography.it\/it\/product\/magic-dressing\/\"]}]},{\"@type\":\"BreadcrumbList\",\"@id\":\"https:\/\/monography.it\/it\/product\/magic-dressing\/#breadcrumb\",\"itemListElement\":[{\"@type\":\"ListItem\",\"position\":1,\"name\":\"Prodotti\",\"item\":\"https:\/\/monography.it\/negozio\/\"},{\"@type\":\"ListItem\",\"position\":2,\"name\":\"Complementi zona notte\",\"item\":\"https:\/\/monography.it\/it\/product-category\/complementi-zona-notte\/\"},{\"@type\":\"ListItem\",\"position\":3,\"name\":\"MAGIC dressing\"}]},{\"@type\":\"WebSite\",\"@id\":\"https:\/\/monography.it\/#website\",\"url\":\"https:\/\/monography.it\/\",\"name\":\"Monography\",\"description\":\"\",\"publisher\":{\"@id\":\"https:\/\/monography.it\/#organization\"},\"potentialAction\":[{\"@type\":\"SearchAction\",\"target\":{\"@type\":\"EntryPoint\",\"urlTemplate\":\"https:\/\/monography.it\/?s={search_term_string}\"},\"query-input\":\"required name=search_term_string\"}],\"inLanguage\":\"it-IT\"},{\"@type\":\"Organization\",\"@id\":\"https:\/\/monography.it\/#organization\",\"name\":\"Monography\",\"url\":\"https:\/\/monography.it\/\",\"logo\":{\"@type\":\"ImageObject\",\"inLanguage\":\"it-IT\",\"@id\":\"https:\/\/monography.it\/#\/schema\/logo\/image\/\",\"url\":\"https:\/\/monography.it\/wp-content\/uploads\/2023\/07\/logo-monography-black.png\",\"contentUrl\":\"https:\/\/monography.it\/wp-content\/uploads\/2023\/07\/logo-monography-black.png\",\"width\":985,\"height\":82,\"caption\":\"Monography\"},\"image\":{\"@id\":\"https:\/\/monography.it\/#\/schema\/logo\/image\/\"}}]}<\/script>\n<!-- \/ Yoast SEO plugin. -->","yoast_head_json":{"title":"MAGIC dressing - Monography","robots":{"index":"index","follow":"follow","max-snippet":"max-snippet:-1","max-image-preview":"max-image-preview:large","max-video-preview":"max-video-preview:-1"},"canonical":"https:\/\/monography.it\/it\/product\/magic-dressing\/","og_locale":"it_IT","og_type":"article","og_title":"MAGIC dressing - Monography","og_description":"Minimalisti, con proporzioni eleganti, i modelli Magic sono espressione di un preciso approccio progettuale, attento al prodotto e alla sua realizzazione con materiali accuratamente lavorati. La struttura \u00e8 caratterizzata da sottili fianchi in metallo verniciato in varie finiture. Magic dressing studiato con cura e attenzione al dettaglio \u00e8 dotato di coiffeuse con anta a ribalta, [&hellip;]","og_url":"https:\/\/monography.it\/it\/product\/magic-dressing\/","og_site_name":"Monography","article_modified_time":"2024-04-03T08:47:58+00:00","og_image":[{"width":1618,"height":886,"url":"https:\/\/monography.it\/wp-content\/uploads\/2023\/08\/MAGIC-DRESSING_bedroom-complements-1.png","type":"image\/png"}],"twitter_card":"summary_large_image","twitter_misc":{"Tempo di lettura stimato":"1 minuto"},"schema":{"@context":"https:\/\/schema.org","@graph":[{"@type":"WebPage","@id":"https:\/\/monography.it\/it\/product\/magic-dressing\/","url":"https:\/\/monography.it\/it\/product\/magic-dressing\/","name":"MAGIC dressing - Monography","isPartOf":{"@id":"https:\/\/monography.it\/#website"},"datePublished":"2023-08-01T09:22:32+00:00","dateModified":"2024-04-03T08:47:58+00:00","breadcrumb":{"@id":"https:\/\/monography.it\/it\/product\/magic-dressing\/#breadcrumb"},"inLanguage":"it-IT","potentialAction":[{"@type":"ReadAction","target":["https:\/\/monography.it\/it\/product\/magic-dressing\/"]}]},{"@type":"BreadcrumbList","@id":"https:\/\/monography.it\/it\/product\/magic-dressing\/#breadcrumb","itemListElement":[{"@type":"ListItem","position":1,"name":"Prodotti","item":"https:\/\/monography.it\/negozio\/"},{"@type":"ListItem","position":2,"name":"Complementi zona notte","item":"https:\/\/monography.it\/it\/product-category\/complementi-zona-notte\/"},{"@type":"ListItem","position":3,"name":"MAGIC dressing"}]},{"@type":"WebSite","@id":"https:\/\/monography.it\/#website","url":"https:\/\/monography.it\/","name":"Monography","description":"","publisher":{"@id":"https:\/\/monography.it\/#organization"},"potentialAction":[{"@type":"SearchAction","target":{"@type":"EntryPoint","urlTemplate":"https:\/\/monography.it\/?s={search_term_string}"},"query-input":"required name=search_term_string"}],"inLanguage":"it-IT"},{"@type":"Organization","@id":"https:\/\/monography.it\/#organization","name":"Monography","url":"https:\/\/monography.it\/","logo":{"@type":"ImageObject","inLanguage":"it-IT","@id":"https:\/\/monography.it\/#\/schema\/logo\/image\/","url":"https:\/\/monography.it\/wp-content\/uploads\/2023\/07\/logo-monography-black.png","contentUrl":"https:\/\/monography.it\/wp-content\/uploads\/2023\/07\/logo-monography-black.png","width":985,"height":82,"caption":"Monography"},"image":{"@id":"https:\/\/monography.it\/#\/schema\/logo\/image\/"}}]}},"_links":{"self":[{"href":"https:\/\/monography.it\/it\/wp-json\/wp\/v2\/product\/1696","targetHints":{"allow":["GET"]}}],"collection":[{"href":"https:\/\/monography.it\/it\/wp-json\/wp\/v2\/product"}],"about":[{"href":"https:\/\/monography.it\/it\/wp-json\/wp\/v2\/types\/product"}],"replies":[{"embeddable":true,"href":"https:\/\/monography.it\/it\/wp-json\/wp\/v2\/comments?post=1696"}],"wp:featuredmedia":[{"embeddable":true,"href":"https:\/\/monography.it\/it\/wp-json\/wp\/v2\/media\/2560"}],"wp:attachment":[{"href":"https:\/\/monography.it\/it\/wp-json\/wp\/v2\/media?parent=1696"}],"wp:term":[{"taxonomy":"product_collection","embeddable":true,"href":"https:\/\/monography.it\/it\/wp-json\/wp\/v2\/product_collection?post=1696"},{"taxonomy":"product_cat","embeddable":true,"href":"https:\/\/monography.it\/it\/wp-json\/wp\/v2\/product_cat?post=1696"},{"taxonomy":"product_tag","embeddable":true,"href":"https:\/\/monography.it\/it\/wp-json\/wp\/v2\/product_tag?post=1696"}],"curies":[{"name":"wp","href":"https:\/\/api.w.org\/{rel}","templated":true}]}}